{"id":16,"date":"2023-08-24T07:17:48","date_gmt":"2023-08-24T07:17:48","guid":{"rendered":"https:\/\/mgjonema.es\/tienda\/?post_type=product&#038;p=16"},"modified":"2024-05-01T03:29:33","modified_gmt":"2024-05-01T03:29:33","slug":"talion-historia-de-una-venganza","status":"publish","type":"product","link":"https:\/\/mgjonema.es\/tienda\/index.php\/producto\/talion-historia-de-una-venganza\/","title":{"rendered":"TALI\u00d3N, historia de una venganza"},"content":{"rendered":"<p>Novela del g\u00e9nero thriller psicol\u00f3gico.<br \/>\nG\u00eda es una chica que se va a vivir con su madre a Florida. En el nuevo instituto recibir\u00e1 bullying por parte de un grupo de \u00abpopulares\u00bb.<br \/>\nTras el bachiller se traslada a Nueva York con su padre para cursar la carrera de medico forense y llevar a cabo el cambio de g\u00e9nero que tanto hab\u00eda deseado toda su vida.<br \/>\nA\u00f1os m\u00e1s tarde regresar\u00e1 a Florida ya como Tarren, a partir de aquel momento la ley de tali\u00f3n empezar\u00e1 a cobrar sentido.<\/p>\n","protected":false},"excerpt":{"rendered":"<p>Novela del g\u00e9nero thriller psicol\u00f3gico. G\u00eda es una chica que se va a vivir con su madre a Florida. En el nuevo instituto recibir\u00e1 bullying por parte de un grupo de \u00abpopulares\u00bb. Tras el bachiller se traslada a Nueva York con su padre para cursar la carrera de medico forense y llevar a cabo el&hellip; <a class=\"more-link\" href=\"https:\/\/mgjonema.es\/tienda\/index.php\/producto\/talion-historia-de-una-venganza\/\">Seguir leyendo <span class=\"screen-reader-text\">TALI\u00d3N, historia de una venganza<\/span><\/a><\/p>\n","protected":false},"featured_media":102,"comment_status":"open","ping_status":"closed","template":"","meta":[],"product_cat":[20],"product_tag":[],"class_list":["post-16","product","type-product","status-publish","has-post-thumbnail","hentry","product_cat-novela","entry"],"_links":{"self":[{"href":"https:\/\/mgjonema.es\/tienda\/index.php\/wp-json\/wp\/v2\/product\/16","targetHints":{"allow":["GET"]}}],"collection":[{"href":"https:\/\/mgjonema.es\/tienda\/index.php\/wp-json\/wp\/v2\/product"}],"about":[{"href":"https:\/\/mgjonema.es\/tienda\/index.php\/wp-json\/wp\/v2\/types\/product"}],"replies":[{"embeddable":true,"href":"https:\/\/mgjonema.es\/tienda\/index.php\/wp-json\/wp\/v2\/comments?post=16"}],"wp:featuredmedia":[{"embeddable":true,"href":"https:\/\/mgjonema.es\/tienda\/index.php\/wp-json\/wp\/v2\/media\/102"}],"wp:attachment":[{"href":"https:\/\/mgjonema.es\/tienda\/index.php\/wp-json\/wp\/v2\/media?parent=16"}],"wp:term":[{"taxonomy":"product_cat","embeddable":true,"href":"https:\/\/mgjonema.es\/tienda\/index.php\/wp-json\/wp\/v2\/product_cat?post=16"},{"taxonomy":"product_tag","embeddable":true,"href":"https:\/\/mgjonema.es\/tienda\/index.php\/wp-json\/wp\/v2\/product_tag?post=16"}],"curies":[{"name":"wp","href":"https:\/\/api.w.org\/{rel}","templated":true}]}}