{"id":21,"date":"2023-08-23T10:22:55","date_gmt":"2023-08-23T10:22:55","guid":{"rendered":"https:\/\/mgjonema.es\/tienda\/?post_type=product&#038;p=21"},"modified":"2024-05-01T03:29:33","modified_gmt":"2024-05-01T03:29:33","slug":"confesiones-de-un-perturbado","status":"publish","type":"product","link":"https:\/\/mgjonema.es\/tienda\/index.php\/producto\/confesiones-de-un-perturbado\/","title":{"rendered":"CONFESIONES DE UN PERTURBADO"},"content":{"rendered":"<p>G\u00e9nero: thriller psicol\u00f3gico.<\/p>\n<p>Un misterioso\u00a0diario llega a las manos de un sargento de la Guardia Civil. En \u00e9l se narran una serie de asesinatos llevados a cabo en Madrigalejo del Monte (Burgos).<\/p>\n<p>El anciano p\u00e1rroco del pueblo empieza a recibir las visitas de un joven que, bajo secreto de confesi\u00f3n, le cuenta sus perturbadores asesinatos, \u00e9ste llega a dudar incluso de su fe y se retira al Monasterio de Silos, all\u00ed conocer\u00e1 detalles que lo har\u00e1n regresar al pueblo en busca del joven asesino.<\/p>\n","protected":false},"excerpt":{"rendered":"<p>Novela del g\u00e9nero thriller psicol\u00f3gico.<\/p>\n<p>Un misterioso\u00a0diario llega a las manos de un sargento de la Guardia Civil. En \u00e9l se narran una serie de asesinatos llevados a cabo en Madrigalejo del Monte (Burgos).<\/p>\n<p>El anciano p\u00e1rroco del pueblo empieza a recibir las visitas de un joven que, bajo secreto de confesi\u00f3n, le cuenta sus perturbadores asesinatos, \u00e9ste llega a dudar incluso de su fe y se retira al Monasterio de Silos, all\u00ed conocer\u00e1 detalles que lo har\u00e1n regresar al pueblo en busca del joven asesino.<\/p>\n","protected":false},"featured_media":104,"comment_status":"open","ping_status":"closed","template":"","meta":[],"product_cat":[20],"product_tag":[],"class_list":["post-21","product","type-product","status-publish","has-post-thumbnail","hentry","product_cat-novela","entry"],"_links":{"self":[{"href":"https:\/\/mgjonema.es\/tienda\/index.php\/wp-json\/wp\/v2\/product\/21","targetHints":{"allow":["GET"]}}],"collection":[{"href":"https:\/\/mgjonema.es\/tienda\/index.php\/wp-json\/wp\/v2\/product"}],"about":[{"href":"https:\/\/mgjonema.es\/tienda\/index.php\/wp-json\/wp\/v2\/types\/product"}],"replies":[{"embeddable":true,"href":"https:\/\/mgjonema.es\/tienda\/index.php\/wp-json\/wp\/v2\/comments?post=21"}],"wp:featuredmedia":[{"embeddable":true,"href":"https:\/\/mgjonema.es\/tienda\/index.php\/wp-json\/wp\/v2\/media\/104"}],"wp:attachment":[{"href":"https:\/\/mgjonema.es\/tienda\/index.php\/wp-json\/wp\/v2\/media?parent=21"}],"wp:term":[{"taxonomy":"product_cat","embeddable":true,"href":"https:\/\/mgjonema.es\/tienda\/index.php\/wp-json\/wp\/v2\/product_cat?post=21"},{"taxonomy":"product_tag","embeddable":true,"href":"https:\/\/mgjonema.es\/tienda\/index.php\/wp-json\/wp\/v2\/product_tag?post=21"}],"curies":[{"name":"wp","href":"https:\/\/api.w.org\/{rel}","templated":true}]}}