{"id":33,"date":"2023-08-21T15:28:25","date_gmt":"2023-08-21T15:28:25","guid":{"rendered":"https:\/\/mgjonema.es\/tienda\/?post_type=product&#038;p=33"},"modified":"2024-05-01T03:29:33","modified_gmt":"2024-05-01T03:29:33","slug":"inocencia-perdida-1a-parte-bilogia","status":"publish","type":"product","link":"https:\/\/mgjonema.es\/tienda\/index.php\/producto\/inocencia-perdida-1a-parte-bilogia\/","title":{"rendered":"INOCENCIA PERDIDA (1\u00aa parte bilog\u00eda)"},"content":{"rendered":"<p>Esther crece como una ni\u00f1a normal, rodeada del amor de sus padres, su familia y amigos, gran atleta, risue\u00f1a y siempre con su \u00edntima amiga Marina; pero a la edad de catorce a\u00f1os, la muerte de su padre y la adicci\u00f3n al alcohol de su madre, la har\u00e1n crecer precipitadamente.<br \/>\nM\u00e1s tarde empezar\u00e1 su primer empleo, el hombre del que est\u00e1 enamorada le declarar\u00e1 su amor, pero poco a poco, sus decisiones la llevar\u00e1n por caminos que la lanzar\u00e1n a abismos insospechados, perdiendo as\u00ed su joven inocencia.<br \/>\nPasar\u00e1n diferentes personajes por su vida, que la har\u00e1n fluctuar entre el amor y las drogas, prostituci\u00f3n y malos tratos, convirti\u00e9ndola en un juguete roto.<br \/>\nLa obra est\u00e1 escrita en un tono coloquial y r\u00e1pida, con lo cual la lectura se facilita de una manera evidente, restando as\u00ed peso al tema principal.<\/p>\n<p>&nbsp;<\/p>\n","protected":false},"excerpt":{"rendered":"<p>CAPITULO 1.<\/p>\n<p>Clara era una chica de diecis\u00e9is a\u00f1os que hab\u00eda nacido en<br \/>\nBarcelona. Siempre hab\u00eda sido una ni\u00f1a despierta y<br \/>\navispada, delgada, con una piel morena y una melena a la<br \/>\naltura de los hombros de color canela. Sus ojos verdes hac\u00edan<br \/>\nque su mirada fuese atractiva y cautivadora, y se hab\u00eda<br \/>\nsituado seductoramente un lunar en la parte derecha del<br \/>\nlabio superior. Por su f\u00edsico, aparentaba m\u00e1s edad de la que<br \/>\nten\u00eda; estaba muy feliz de no haber tenido nunca novio y ser<br \/>\ntodav\u00eda virgen, no entend\u00eda que muchas de sus amigas ya<br \/>\nhubiesen tenido su primera relaci\u00f3n sexual y les dec\u00eda que<br \/>\nquer\u00eda estrenarse con alguien especial de verdad, con el amor<br \/>\nde su vida o incluso, por qu\u00e9 no, con el que ser\u00eda su marido.<br \/>\nSus amigas opinaban que eso eran tonter\u00edas, que estaba<br \/>\npasado de moda, pero Clara sonre\u00eda y segu\u00eda jugando a ser<br \/>\nmayor.<br \/>\nHija de madre soltera, siempre hab\u00eda vivido entre<br \/>\nprostitutas; su propia madre practicaba esta profesi\u00f3n desde<br \/>\njoven.<br \/>\nEra una gran estudiante, tanto daba que fuera Historia,<br \/>\nque Ciencias\u2026 siempre sacaba notas por encima de la media.<br \/>\nTodo ese esfuerzo buscaba conseguir el gran sue\u00f1o de su\u00a0 \u00a0 \u00a0 \u00a0 \u00a0 \u00a0 \u00a0 \u00a0 \u00a0 \u00a0 \u00a0 \u00a0 \u00a0 \u00a0 \u00a0 \u00a0 \u00a0 \u00a0 \u00a0 \u00a0 \u00a0 \u00a0 \u00a0 \u00a0 \u00a0 \u00a0 \u00a0 \u00a0 \u00a0 \u00a0 \u00a0 \u00a0 \u00a0 \u00a0 \u00a0 \u00a0 \u00a0 \u00a0 \u00a0 \u00a0 \u00a0 \u00a0 \u00a0 \u00a0 \u00a0 vida: ser maestra de ni\u00f1os peque\u00f1os.<br \/>\nUna noche estaba estudiando sobre su cama para un<br \/>\nexamen importante, vestida con una camiseta larga y la ropa<br \/>\ninterior, como siempre que estaba sola por casa, de repente<br \/>\nentr\u00f3 su madre a toda prisa y tras ella un hombre que la<br \/>\nempujaba.<br \/>\n\u2014Clara, ve a mi habitaci\u00f3n y ci\u00e9rrate dentro, \u00a1corre!\u2014dijo<br \/>\nla madre muy nerviosa.<br \/>\nElla obedeci\u00f3 asustada, salt\u00f3 de la cama y corri\u00f3 hacia la<br \/>\nalcoba de su madre, pero no le dio tiempo: tras ella entr\u00f3<br \/>\naquel hombre nervioso y fuera de s\u00ed, bloque\u00f3 la puerta con<br \/>\nuna silla y empuj\u00f3 a la ni\u00f1a sobre la cama. Clara se qued\u00f3<br \/>\nparalizada y en d\u00e9cimas de segundo se encontr\u00f3 rodeada por<br \/>\nlos brazos sudorosos&#8230;<\/p>\n","protected":false},"featured_media":99,"comment_status":"open","ping_status":"closed","template":"","meta":[],"product_cat":[20],"product_tag":[],"class_list":["post-33","product","type-product","status-publish","has-post-thumbnail","hentry","product_cat-novela","entry"],"_links":{"self":[{"href":"https:\/\/mgjonema.es\/tienda\/index.php\/wp-json\/wp\/v2\/product\/33","targetHints":{"allow":["GET"]}}],"collection":[{"href":"https:\/\/mgjonema.es\/tienda\/index.php\/wp-json\/wp\/v2\/product"}],"about":[{"href":"https:\/\/mgjonema.es\/tienda\/index.php\/wp-json\/wp\/v2\/types\/product"}],"replies":[{"embeddable":true,"href":"https:\/\/mgjonema.es\/tienda\/index.php\/wp-json\/wp\/v2\/comments?post=33"}],"wp:featuredmedia":[{"embeddable":true,"href":"https:\/\/mgjonema.es\/tienda\/index.php\/wp-json\/wp\/v2\/media\/99"}],"wp:attachment":[{"href":"https:\/\/mgjonema.es\/tienda\/index.php\/wp-json\/wp\/v2\/media?parent=33"}],"wp:term":[{"taxonomy":"product_cat","embeddable":true,"href":"https:\/\/mgjonema.es\/tienda\/index.php\/wp-json\/wp\/v2\/product_cat?post=33"},{"taxonomy":"product_tag","embeddable":true,"href":"https:\/\/mgjonema.es\/tienda\/index.php\/wp-json\/wp\/v2\/product_tag?post=33"}],"curies":[{"name":"wp","href":"https:\/\/api.w.org\/{rel}","templated":true}]}}