{"id":42,"date":"2023-08-22T14:42:08","date_gmt":"2023-08-22T14:42:08","guid":{"rendered":"https:\/\/mgjonema.es\/tienda\/?post_type=product&#038;p=42"},"modified":"2024-05-01T03:29:33","modified_gmt":"2024-05-01T03:29:33","slug":"la-otra-cara-de-la-inocencia","status":"publish","type":"product","link":"https:\/\/mgjonema.es\/tienda\/index.php\/producto\/la-otra-cara-de-la-inocencia\/","title":{"rendered":"LA OTRA CARA DE LA INOCENCIA (2\u00aa parte)"},"content":{"rendered":"<p>Despu\u00e9s de la experiencia vivida con C\u00e9sar, Clara queda totalmente vencida; no tiene ganas de estudiar, ni de salir, ni de vivir. Abandona a su madre y al c\u00edrculo de vicio que se mueve a su alrededor. Trabaja duro y ahorra algo de dinero para comprarse una vieja caba\u00f1a en mitad de la nada. Cada noche regresa a su caba\u00f1a sombr\u00eda, sucia y abandonada. Hasta que una noche, mientras est\u00e1 tumbada sobre la hierba mirando las estrellas, se da cuenta de que no debe de sentir verg\u00fcenza. Observa a su alrededor un jard\u00edn descuidado de hierbas y zarzas que se adue\u00f1an del terreno levantando una barricada entre el camino y el acceso a la casa. En ese momento decide resurgir. Sabiendo lo que sabe, habiendo pasado por tanto, se levanta y, segura de s\u00ed misma, empieza a gestar un despiadado plan que no tardar\u00e1 en poner en marcha para saciar su sed de venganza.<\/p>\n","protected":false},"excerpt":{"rendered":"<p>CAP\u00cdTULO 1 \u2015 La huida<\/p>\n<p>Esther entr\u00f3 en su casa y se lav\u00f3 las manos. No quer\u00eda<br \/>\nque Clara viese los restos de sangre que le quedaban<br \/>\ndespu\u00e9s de terminar con la vida de C\u00e9sar, el hombre que<br \/>\nle hab\u00eda marcado la vida y que pretend\u00eda, tambi\u00e9n,<br \/>\nmarcar la vida de su hija; se jur\u00f3 en aquel momento que<br \/>\nnadie har\u00eda da\u00f1o a su peque\u00f1a, mientras ella pudiera<br \/>\nevitarlo. Abri\u00f3 despacio la puerta de la habitaci\u00f3n de<br \/>\nClara viendo c\u00f3mo segu\u00eda desnuda, envuelta con la<br \/>\ns\u00e1bana y abrazada a su almohada, sollozando. La pena le<br \/>\nromp\u00eda el alma. Era tan joven y bonita\u2026 Ten\u00eda la melena<br \/>\nalborotada y sus ojos pardos ahora se ve\u00edan rojos de tanto<br \/>\nllorar.<br \/>\nEsther era consciente de que su hija hab\u00eda sufrido<br \/>\nuna vida llena de desdicha por su culpa, creciendo entre<br \/>\nprostitutas y hombres que no distingu\u00edan el trato a un<br \/>\nperro al de a una mujer. Esther pas\u00f3 toda su vida<br \/>\ntomando decisiones tan malas que afectaron directamente<br \/>\na su hija ya desde su nacimiento, exponi\u00e9ndola frente a<br \/>\ntodos como el objeto de una subasta que espera la puja<br \/>\nm\u00e1s alta, y Clara sonre\u00eda con la candidez de un reci\u00e9n<br \/>\nnacido que desconoce lo que le depara su futuro. Aquella<br \/>\npreciosa beb\u00e9 creci\u00f3 y se convirti\u00f3 en una encantadora<br \/>\nse\u00f1orita, por eso los hombres volvieron a volar sobre su<br \/>\ncama como buitres en busca de carro\u00f1a.<br \/>\nAquella fat\u00eddica noche marcar\u00eda un antes y un<br \/>\ndespu\u00e9s. Siendo casi una ni\u00f1a y perdida su virtud de una<br \/>\nmanera despiadada, sin saber que era su propio padre<br \/>\nquien se la quitaba, Clara ya hab\u00eda sufrido todo lo que<br \/>\nuna joven pod\u00eda soportar.<br \/>\nEsther se levant\u00f3 temprano para preparar el<br \/>\ndesayuno y dar sensaci\u00f3n de normalidad, pero una joven<br \/>\nde diecis\u00e9is a\u00f1os no pod\u00eda pasar p\u00e1gina tan r\u00e1pidamente<br \/>\ncomo ella pretend\u00eda. Esper\u00f3 unas horas a que Clara se<br \/>\nlevantase para darle explicaciones pero, al ver que no<br \/>\naparec\u00eda, fue a buscarla. Llam\u00f3 varias veces a la puerta<br \/>\nsin obtener respuesta, as\u00ed que abri\u00f3 lentamente la puerta<br \/>\npara no despertarla. Al entrar se llev\u00f3 una gran sorpresa:<br \/>\nlas puertas del armario estaban abiertas y los cajones<br \/>\nrevueltos. Parec\u00eda que Clara hab\u00eda recogido a toda prisa<br \/>\nsus cosas y el dinero que ten\u00eda ahorrado en un caj\u00f3n. Al<br \/>\nmomento se dio cuenta de lo que estaba pasando, no<br \/>\nhac\u00eda falta ser demasiado inteligente para saber que Clara<br \/>\nhab\u00eda huido. En aquel momento su reacci\u00f3n fue la que<br \/>\ntendr\u00eda cualquier madre preocupada por su hija: se quit\u00f3<br \/>\nel pijama, se visti\u00f3 con lo primero que pill\u00f3 y sali\u00f3 a la<br \/>\ncalle, pero no acert\u00f3 en elegir su indumentaria, ya que iba<br \/>\ndespeinada y con una camiseta sucia, incluso llevaba<br \/>\ntodav\u00eda los restos de maquillaje que hab\u00edan ensuciado su<br \/>\ncara la noche anterior. Pregunt\u00f3 en la tienda del se\u00f1or<br \/>\nDomingo si hab\u00eda visto a su hija y su respuesta fue un<br \/>\nmovimiento lateral de cabeza. A\u00f1os atr\u00e1s, el se\u00f1or<br \/>\nDomingo se hubiera interesado m\u00e1s por aquella<br \/>\npregunta, pero Esther ya no era una persona de confianza<br \/>\npara \u00e9l y tampoco le gustaba que la viesen por el colmado<br \/>\nni sus cercan\u00edas; todos los vecinos sab\u00edan que era una<br \/>\nprostituta y que en su casa hab\u00eda triqui\u00f1uelas con drogas.<br \/>\nEl due\u00f1o de esa tienda le hab\u00eda pedido amablemente que<br \/>\nno fuese a comprar a su negocio ya hac\u00eda tiempo.<br \/>\nEsther pens\u00f3 que podr\u00eda haber ido con los hijos de<br \/>\nIrene y la llam\u00f3 por tel\u00e9fono. Irene era la persona que<br \/>\nofreci\u00f3 a Esther su primer empleo, solo fi\u00e1ndose de la<br \/>\npalabra de C\u00e9sar. Le dio cari\u00f1o y le ense\u00f1\u00f3 muchas de las<br \/>\ncosas necesarias para la vida aunque, cuando Esther se<br \/>\nqued\u00f3 embarazada de C\u00e9sar, estuvieron enemistadas<br \/>\nporque sus aspiraciones y sus adicciones la arrastraron a<br \/>\nlos brazos de Santi, por mucho que Irene la hab\u00eda avisado<br \/>\nde que era un mal hombre&#8230;<\/p>\n","protected":false},"featured_media":105,"comment_status":"open","ping_status":"closed","template":"","meta":[],"product_cat":[20],"product_tag":[],"class_list":["post-42","product","type-product","status-publish","has-post-thumbnail","hentry","product_cat-novela","entry"],"_links":{"self":[{"href":"https:\/\/mgjonema.es\/tienda\/index.php\/wp-json\/wp\/v2\/product\/42","targetHints":{"allow":["GET"]}}],"collection":[{"href":"https:\/\/mgjonema.es\/tienda\/index.php\/wp-json\/wp\/v2\/product"}],"about":[{"href":"https:\/\/mgjonema.es\/tienda\/index.php\/wp-json\/wp\/v2\/types\/product"}],"replies":[{"embeddable":true,"href":"https:\/\/mgjonema.es\/tienda\/index.php\/wp-json\/wp\/v2\/comments?post=42"}],"wp:featuredmedia":[{"embeddable":true,"href":"https:\/\/mgjonema.es\/tienda\/index.php\/wp-json\/wp\/v2\/media\/105"}],"wp:attachment":[{"href":"https:\/\/mgjonema.es\/tienda\/index.php\/wp-json\/wp\/v2\/media?parent=42"}],"wp:term":[{"taxonomy":"product_cat","embeddable":true,"href":"https:\/\/mgjonema.es\/tienda\/index.php\/wp-json\/wp\/v2\/product_cat?post=42"},{"taxonomy":"product_tag","embeddable":true,"href":"https:\/\/mgjonema.es\/tienda\/index.php\/wp-json\/wp\/v2\/product_tag?post=42"}],"curies":[{"name":"wp","href":"https:\/\/api.w.org\/{rel}","templated":true}]}}